{"id":807,"date":"2016-04-06T18:12:28","date_gmt":"2016-04-07T00:12:28","guid":{"rendered":"https:\/\/coyouthbands.org\/draft\/?page_id=807"},"modified":"2025-02-10T18:18:15","modified_gmt":"2025-02-11T01:18:15","slug":"elementary-band-classes-through-high-school","status":"publish","type":"page","link":"https:\/\/coyouthbands.org\/es\/programs\/elementary-band-classes-through-high-school\/","title":{"rendered":"Plan de estudios"},"content":{"rendered":"<p>Nuestro plan de estudios \u00fanico proporciona un marco para el aprendizaje musical y el logro de los estudiantes de 10-18 a\u00f1os en todos los niveles de habilidad.  Los principiantes comienzan en nuestras clases de banda elemental y progresan a trav\u00e9s de nuestros niveles del plan de estudios de acuerdo con el nivel de habilidad, no la edad.<\/p>\n<h3>Niveles del plan de estudios<\/h3>\n<p>Nuestro plan de estudios se divide en 4 niveles (m\u00e1s 2 niveles de Honores). Los niveles se corresponden con nuestras 4 bandas, la m\u00e1s alta de las cuales abarca el Nivel 4 y los 2 niveles de Honores. Con el tiempo, a medida que los alumnos completan los requisitos del plan de estudios de cada nivel, avanzan progresivamente de una banda a la siguiente. Debido a que nuestras bandas representan diversos niveles de habilidad de los estudiantes de nivel inicial en la escuela primaria y secundaria a los m\u00fasicos avanzados de secundaria, nuestro programa ofrece a los estudiantes la oportunidad de crecer y prosperar y ser desafiado sin importar su nivel de habilidad.<\/p>\n<p>Los estudiantes est\u00e1n obligados a obtener la aprobaci\u00f3n de la facultad en cada requisito del plan de estudios. Tienen la oportunidad de hacerlo en sesiones semanales de entrenamiento individual con el profesorado de Colorado Youth Bands. Debido a que cada estudiante recibe retroalimentaci\u00f3n individualizada y entrenamiento para ayudarles a dominar cada requisito, progresan a trav\u00e9s del plan de estudios a su propio ritmo. Esta estructura ayuda a los estudiantes a aprender a luchar por la excelencia y les ense\u00f1a a ser aprendices autodirigidos.<\/p>\n<h4>Conjuntos correspondientes<\/h4>\n<ul>\n<li>Nivel 1 - Banda principiante<\/li>\n<li>Nivel 2 - Banda intermedia<\/li>\n<li>Nivel 3 - Banda de concierto<\/li>\n<li>Nivel 4<\/li>\n<\/ul>\n<h4>Requisitos del plan de estudios<\/h4>\n<p>Los requisitos del plan de estudios en cada nivel abarcan una amplia gama de habilidades, t\u00e9cnicas y conocimientos apropiados para cada grupo de instrumentos. Los temas tratados incluyen:<\/p>\n<ul>\n<li>Control de la respiraci\u00f3n<\/li>\n<li>Producci\u00f3n de tonos<\/li>\n<li>Articulaci\u00f3n<\/li>\n<li>Teor\u00eda musical<\/li>\n<li>S\u00edmbolos y terminolog\u00eda musicales<\/li>\n<li>Memorizaci\u00f3n de escalas y arpegios<\/li>\n<li>Ejercicios t\u00e9cnicos y estudios<\/li>\n<li>Trinos y ornamentaciones<\/li>\n<li>Rudimentos de percusi\u00f3n (s\u00f3lo percusi\u00f3n)<\/li>\n<\/ul>\n<p style=\"text-align: center;\">\n        <div class=\"buttonlink\">\n            <a class=\"bkgrd-blue\" href=\"https:\/\/coyouthbands.org\/es\/best-music-program\/learn-an-instrument\/\" >Instrumentos que ense\u00f1amos<\/a>\n        <\/div>\n<p style=\"text-align: center;\">\n        <div class=\"buttonlink\">\n            <a class=\"bkgrd-green\" href=\"https:\/\/coyouthbands.org\/es\/programs\/middle-school-band\/\" >Nuestras bandas<\/a>\n        <\/div>\n<p style=\"text-align: center;\">\n        <div class=\"buttonlink\">\n            <a class=\"bkgrd-purple\" href=\"https:\/\/coyouthbands.org\/es\/programs\/beginning-band-in-denver\/\" >\u00danete ahora<\/a>\n        <\/div>\n<p style=\"text-align: center;\">\n        <div class=\"buttonlink\">\n            <a class=\"bkgrd-orange\" href=\"https:\/\/coyouthbands.org\/es\/about\/after-school-music-in-denver\/\" >Facultad<\/a>\n        <\/div>\n<p style=\"text-align: center;\">","protected":false},"excerpt":{"rendered":"<p>Our unique curriculum provides a framework for musical learning and achievement for students ages 10-18 at all skill levels. \u00a0Beginners start in our elementary band classes and progress through our curriculum levels according to skill level, not age. Curriculum Levels Our curriculum is divided into 4 levels (plus 2 Honors levels). The levels correspond with [&hellip;]<\/p>\n","protected":false},"author":14,"featured_media":0,"parent":10,"menu_order":0,"comment_status":"closed","ping_status":"closed","template":"","meta":{"_acf_changed":false,"footnotes":""},"class_list":["post-807","page","type-page","status-publish","hentry"],"acf":[],"yoast_head":"<!-- This site is optimized with the Yoast SEO plugin v27.3 - https:\/\/yoast.com\/product\/yoast-seo-wordpress\/ -->\n<title>Elementary band classes at Colorado Youth Bands<\/title>\n<meta name=\"description\" content=\"Our band program for students in elementary school, middle school, and high school features a multi-level curriculum and year-round classes.\" \/>\n<meta name=\"robots\" content=\"index, follow, max-snippet:-1, max-image-preview:large, max-video-preview:-1\" \/>\n<link rel=\"canonical\" href=\"https:\/\/coyouthbands.org\/es\/programs\/elementary-band-classes-through-high-school\/\" \/>\n<meta property=\"og:locale\" content=\"es_ES\" \/>\n<meta property=\"og:type\" content=\"article\" \/>\n<meta property=\"og:title\" content=\"Elementary band classes at Colorado Youth Bands\" \/>\n<meta property=\"og:description\" content=\"Our band program for students in elementary school, middle school, and high school features a multi-level curriculum and year-round classes.\" \/>\n<meta property=\"og:url\" content=\"https:\/\/coyouthbands.org\/es\/programs\/elementary-band-classes-through-high-school\/\" \/>\n<meta property=\"og:site_name\" content=\"Colorado Youth Bands\" \/>\n<meta property=\"article:publisher\" content=\"https:\/\/www.facebook.com\/Colorado-Honor-Band-Association-200100043367896\/\" \/>\n<meta property=\"article:modified_time\" content=\"2025-02-11T01:18:15+00:00\" \/>\n<meta property=\"og:image\" content=\"https:\/\/coyouthbands.org\/wp-content\/uploads\/logo-large-1.png\" \/>\n\t<meta property=\"og:image:width\" content=\"512\" \/>\n\t<meta property=\"og:image:height\" content=\"512\" \/>\n\t<meta property=\"og:image:type\" content=\"image\/png\" \/>\n<meta name=\"twitter:card\" content=\"summary_large_image\" \/>\n<meta name=\"twitter:site\" content=\"@cohonorband\" \/>\n<meta name=\"twitter:label1\" content=\"Tiempo de lectura\" \/>\n\t<meta name=\"twitter:data1\" content=\"2 minutos\" \/>\n<script type=\"application\/ld+json\" class=\"yoast-schema-graph\">{\"@context\":\"https:\\\/\\\/schema.org\",\"@graph\":[{\"@type\":\"WebPage\",\"@id\":\"https:\\\/\\\/coyouthbands.org\\\/programs\\\/elementary-band-classes-through-high-school\\\/\",\"url\":\"https:\\\/\\\/coyouthbands.org\\\/programs\\\/elementary-band-classes-through-high-school\\\/\",\"name\":\"Elementary band classes at Colorado Youth Bands\",\"isPartOf\":{\"@id\":\"https:\\\/\\\/coyouthbands.org\\\/#website\"},\"datePublished\":\"2016-04-07T00:12:28+00:00\",\"dateModified\":\"2025-02-11T01:18:15+00:00\",\"description\":\"Our band program for students in elementary school, middle school, and high school features a multi-level curriculum and year-round classes.\",\"breadcrumb\":{\"@id\":\"https:\\\/\\\/coyouthbands.org\\\/programs\\\/elementary-band-classes-through-high-school\\\/#breadcrumb\"},\"inLanguage\":\"es\",\"potentialAction\":[{\"@type\":\"ReadAction\",\"target\":[\"https:\\\/\\\/coyouthbands.org\\\/programs\\\/elementary-band-classes-through-high-school\\\/\"]}]},{\"@type\":\"BreadcrumbList\",\"@id\":\"https:\\\/\\\/coyouthbands.org\\\/programs\\\/elementary-band-classes-through-high-school\\\/#breadcrumb\",\"itemListElement\":[{\"@type\":\"ListItem\",\"position\":1,\"name\":\"Home\",\"item\":\"https:\\\/\\\/coyouthbands.org\\\/\"},{\"@type\":\"ListItem\",\"position\":2,\"name\":\"Programs\",\"item\":\"https:\\\/\\\/cohonorband.org\\\/programs\\\/\"},{\"@type\":\"ListItem\",\"position\":3,\"name\":\"Curriculum\"}]},{\"@type\":\"WebSite\",\"@id\":\"https:\\\/\\\/coyouthbands.org\\\/#website\",\"url\":\"https:\\\/\\\/coyouthbands.org\\\/\",\"name\":\"Colorado Youth Bands\",\"description\":\"After School Band in Denver\",\"publisher\":{\"@id\":\"https:\\\/\\\/coyouthbands.org\\\/#organization\"},\"potentialAction\":[{\"@type\":\"SearchAction\",\"target\":{\"@type\":\"EntryPoint\",\"urlTemplate\":\"https:\\\/\\\/coyouthbands.org\\\/?s={search_term_string}\"},\"query-input\":{\"@type\":\"PropertyValueSpecification\",\"valueRequired\":true,\"valueName\":\"search_term_string\"}}],\"inLanguage\":\"es\"},{\"@type\":\"Organization\",\"@id\":\"https:\\\/\\\/coyouthbands.org\\\/#organization\",\"name\":\"Colorado Honor Band\",\"url\":\"https:\\\/\\\/coyouthbands.org\\\/\",\"logo\":{\"@type\":\"ImageObject\",\"inLanguage\":\"es\",\"@id\":\"https:\\\/\\\/coyouthbands.org\\\/#\\\/schema\\\/logo\\\/image\\\/\",\"url\":\"https:\\\/\\\/coyouthbands.org\\\/wp-content\\\/uploads\\\/logo-large-1.png\",\"contentUrl\":\"https:\\\/\\\/coyouthbands.org\\\/wp-content\\\/uploads\\\/logo-large-1.png\",\"width\":512,\"height\":512,\"caption\":\"Colorado Honor Band\"},\"image\":{\"@id\":\"https:\\\/\\\/coyouthbands.org\\\/#\\\/schema\\\/logo\\\/image\\\/\"},\"sameAs\":[\"https:\\\/\\\/www.facebook.com\\\/Colorado-Honor-Band-Association-200100043367896\\\/\",\"https:\\\/\\\/x.com\\\/cohonorband\",\"https:\\\/\\\/www.instagram.com\\\/cohonorband\\\/\",\"https:\\\/\\\/www.linkedin.com\\\/company\\\/colorado-honor-band-association\"]}]}<\/script>\n<!-- \/ Yoast SEO plugin. -->","yoast_head_json":{"title":"Elementary band classes at Colorado Youth Bands","description":"Our band program for students in elementary school, middle school, and high school features a multi-level curriculum and year-round classes.","robots":{"index":"index","follow":"follow","max-snippet":"max-snippet:-1","max-image-preview":"max-image-preview:large","max-video-preview":"max-video-preview:-1"},"canonical":"https:\/\/coyouthbands.org\/es\/programs\/elementary-band-classes-through-high-school\/","og_locale":"es_ES","og_type":"article","og_title":"Elementary band classes at Colorado Youth Bands","og_description":"Our band program for students in elementary school, middle school, and high school features a multi-level curriculum and year-round classes.","og_url":"https:\/\/coyouthbands.org\/es\/programs\/elementary-band-classes-through-high-school\/","og_site_name":"Colorado Youth Bands","article_publisher":"https:\/\/www.facebook.com\/Colorado-Honor-Band-Association-200100043367896\/","article_modified_time":"2025-02-11T01:18:15+00:00","og_image":[{"width":512,"height":512,"url":"https:\/\/coyouthbands.org\/wp-content\/uploads\/logo-large-1.png","type":"image\/png"}],"twitter_card":"summary_large_image","twitter_site":"@cohonorband","twitter_misc":{"Tiempo de lectura":"2 minutos"},"schema":{"@context":"https:\/\/schema.org","@graph":[{"@type":"WebPage","@id":"https:\/\/coyouthbands.org\/programs\/elementary-band-classes-through-high-school\/","url":"https:\/\/coyouthbands.org\/programs\/elementary-band-classes-through-high-school\/","name":"Elementary band classes at Colorado Youth Bands","isPartOf":{"@id":"https:\/\/coyouthbands.org\/#website"},"datePublished":"2016-04-07T00:12:28+00:00","dateModified":"2025-02-11T01:18:15+00:00","description":"Our band program for students in elementary school, middle school, and high school features a multi-level curriculum and year-round classes.","breadcrumb":{"@id":"https:\/\/coyouthbands.org\/programs\/elementary-band-classes-through-high-school\/#breadcrumb"},"inLanguage":"es","potentialAction":[{"@type":"ReadAction","target":["https:\/\/coyouthbands.org\/programs\/elementary-band-classes-through-high-school\/"]}]},{"@type":"BreadcrumbList","@id":"https:\/\/coyouthbands.org\/programs\/elementary-band-classes-through-high-school\/#breadcrumb","itemListElement":[{"@type":"ListItem","position":1,"name":"Home","item":"https:\/\/coyouthbands.org\/"},{"@type":"ListItem","position":2,"name":"Programs","item":"https:\/\/cohonorband.org\/programs\/"},{"@type":"ListItem","position":3,"name":"Curriculum"}]},{"@type":"WebSite","@id":"https:\/\/coyouthbands.org\/#website","url":"https:\/\/coyouthbands.org\/","name":"Bandas juveniles de Colorado","description":"Banda extraescolar en Denver","publisher":{"@id":"https:\/\/coyouthbands.org\/#organization"},"potentialAction":[{"@type":"SearchAction","target":{"@type":"EntryPoint","urlTemplate":"https:\/\/coyouthbands.org\/?s={search_term_string}"},"query-input":{"@type":"PropertyValueSpecification","valueRequired":true,"valueName":"search_term_string"}}],"inLanguage":"es"},{"@type":"Organization","@id":"https:\/\/coyouthbands.org\/#organization","name":"Banda de Honor de Colorado","url":"https:\/\/coyouthbands.org\/","logo":{"@type":"ImageObject","inLanguage":"es","@id":"https:\/\/coyouthbands.org\/#\/schema\/logo\/image\/","url":"https:\/\/coyouthbands.org\/wp-content\/uploads\/logo-large-1.png","contentUrl":"https:\/\/coyouthbands.org\/wp-content\/uploads\/logo-large-1.png","width":512,"height":512,"caption":"Colorado Honor Band"},"image":{"@id":"https:\/\/coyouthbands.org\/#\/schema\/logo\/image\/"},"sameAs":["https:\/\/www.facebook.com\/Colorado-Honor-Band-Association-200100043367896\/","https:\/\/x.com\/cohonorband","https:\/\/www.instagram.com\/cohonorband\/","https:\/\/www.linkedin.com\/company\/colorado-honor-band-association"]}]}},"_links":{"self":[{"href":"https:\/\/coyouthbands.org\/es\/wp-json\/wp\/v2\/pages\/807","targetHints":{"allow":["GET"]}}],"collection":[{"href":"https:\/\/coyouthbands.org\/es\/wp-json\/wp\/v2\/pages"}],"about":[{"href":"https:\/\/coyouthbands.org\/es\/wp-json\/wp\/v2\/types\/page"}],"author":[{"embeddable":true,"href":"https:\/\/coyouthbands.org\/es\/wp-json\/wp\/v2\/users\/14"}],"replies":[{"embeddable":true,"href":"https:\/\/coyouthbands.org\/es\/wp-json\/wp\/v2\/comments?post=807"}],"version-history":[{"count":5,"href":"https:\/\/coyouthbands.org\/es\/wp-json\/wp\/v2\/pages\/807\/revisions"}],"predecessor-version":[{"id":8579,"href":"https:\/\/coyouthbands.org\/es\/wp-json\/wp\/v2\/pages\/807\/revisions\/8579"}],"up":[{"embeddable":true,"href":"https:\/\/coyouthbands.org\/es\/wp-json\/wp\/v2\/pages\/10"}],"wp:attachment":[{"href":"https:\/\/coyouthbands.org\/es\/wp-json\/wp\/v2\/media?parent=807"}],"curies":[{"name":"wp","href":"https:\/\/api.w.org\/{rel}","templated":true}]}}