{"id":723,"date":"2016-04-05T18:01:45","date_gmt":"2016-04-06T00:01:45","guid":{"rendered":"https:\/\/coyouthbands.org\/draft\/?page_id=723"},"modified":"2024-11-17T14:26:40","modified_gmt":"2024-11-17T21:26:40","slug":"learn-an-instrument","status":"publish","type":"page","link":"https:\/\/coyouthbands.org\/es\/best-music-program\/learn-an-instrument\/","title":{"rendered":"Instrumentos que ense\u00f1amos"},"content":{"rendered":"<h4><img loading=\"lazy\" decoding=\"async\" class=\"wp-image-1525 alignleft\" src=\"https:\/\/coyouthbands.org\/wp-content\/uploads\/2013-Honor-Band-Spring-56-e1464229925354-414x450.jpg\" alt=\"Learn an instrument\" width=\"184\" height=\"200\" \/>Aprende un instrumento<\/h4>\n<p>Ense\u00f1amos todos los instrumentos que se encuentran en una banda de concierto, que incluye instrumentos de viento de madera, instrumentos de metal, e instrumentos de percusi\u00f3n. Nuestros estudiantes reciben clases semanales y clases de banda, realizan en varios conciertos anuales, y tienen la oportunidad de participar en nuestro campamento de m\u00fasica de verano y giras de rendimiento. \u00a1\u00danete a Colorado Youth Bands y aprender\u00e1s un instrumento y mucho m\u00e1s!<\/p>\n<p style=\"text-align: left;\"><strong>Haga clic en el nombre de un instrumento para obtener m\u00e1s informaci\u00f3n.<\/strong><\/p>\n<div class=\"su-row\"><div class=\"su-column su-column-size-1-2\"><div class=\"su-column-inner su-u-clearfix su-u-trim\">\n<h2 style=\"text-align: center;\"><a href=\"https:\/\/coyouthbands.org\/es\/best-music-program\/learn-an-instrument\/flute-lessons-denver\/\">Flauta y flaut\u00edn<\/a><\/h2>\n<h2 style=\"text-align: center;\"><a href=\"https:\/\/coyouthbands.org\/es\/best-music-program\/learn-an-instrument\/oboe-lessons-denver\/\">Oboe<\/a><\/h2>\n<h2 style=\"text-align: center;\"><a href=\"https:\/\/coyouthbands.org\/es\/best-music-program\/learn-an-instrument\/bassoon-lessons-denver\/\">Fagot<\/a><\/h2>\n<h2 style=\"text-align: center;\"><a href=\"https:\/\/coyouthbands.org\/es\/best-music-program\/learn-an-instrument\/clarinet-lessons-denver\/\">Clarinete<\/a><\/h2>\n<h2 style=\"text-align: center;\"><a href=\"https:\/\/coyouthbands.org\/es\/best-music-program\/learn-an-instrument\/saxophone-lessons-denver\/\">Saxof\u00f3n<\/a><\/h2>\n<\/div><\/div> <div class=\"su-column su-column-size-1-2\"><div class=\"su-column-inner su-u-clearfix su-u-trim\">\n<h2 style=\"text-align: center;\"><a href=\"https:\/\/coyouthbands.org\/es\/best-music-program\/learn-an-instrument\/trumpet-lessons-denver\/\">Trompeta<\/a><\/h2>\n<h2 style=\"text-align: center;\"><a href=\"https:\/\/coyouthbands.org\/es\/best-music-program\/learn-an-instrument\/french-horn-lessons-denver\/\">Trompa<\/a><\/h2>\n<h2 style=\"text-align: center;\"><a href=\"https:\/\/coyouthbands.org\/es\/best-music-program\/learn-an-instrument\/trombone-lessons-denver\/\">Tromb\u00f3n<\/a><\/h2>\n<h2 style=\"text-align: center;\"><a href=\"https:\/\/coyouthbands.org\/es\/best-music-program\/learn-an-instrument\/baritone-lessons-denver\/\">Bar\u00edtono y bombardino<\/a><\/h2>\n<h2 style=\"text-align: center;\"><a href=\"https:\/\/coyouthbands.org\/es\/best-music-program\/learn-an-instrument\/tuba-lessons-denver\/\">Tuba<\/a><\/h2>\n<h2 style=\"text-align: center;\"><a href=\"https:\/\/coyouthbands.org\/es\/best-music-program\/learn-an-instrument\/percussion-drum-lessons-denver\/\">Percusi\u00f3n<\/a><\/h2>\n<\/div><\/div><\/div>\n<p><iframe loading=\"lazy\" title=\"Instrumentos olvidados\" width=\"1000\" height=\"563\" src=\"https:\/\/www.youtube.com\/embed\/s3d0f8GoQhY?feature=oembed\" frameborder=\"0\" allow=\"accelerometer; autoplay; clipboard-write; encrypted-media; gyroscope; picture-in-picture; web-share\" referrerpolicy=\"strict-origin-when-cross-origin\" allowfullscreen><\/iframe><\/p>\n<p style=\"text-align: center;\">\n        <div class=\"buttonlink\">\n            <a class=\"bkgrd-green\" href=\"https:\/\/coyouthbands.org\/es\/programs\/middle-school-band\/\" >Nuestras bandas<\/a>\n        <\/div>\n<p style=\"text-align: center;\">\n        <div class=\"buttonlink\">\n            <a class=\"bkgrd-blue\" href=\"https:\/\/coyouthbands.org\/es\/programs\/beginning-band-in-denver\/\" >\u00danete ahora<\/a>\n        <\/div>\n<p style=\"text-align: center;\">\n        <div class=\"buttonlink\">\n            <a class=\"bkgrd-orange\" href=\"https:\/\/coyouthbands.org\/es\/best-music-program\/required-music-supplies\/\" >Suministros necesarios<\/a>\n        <\/div>\n<p style=\"text-align: center;\">\n        <div class=\"buttonlink\">\n            <a class=\"bkgrd-purple\" href=\"https:\/\/coyouthbands.org\/es\/about\/after-school-music-in-denver\/\" >Facultad<\/a>\n        <\/div>\n<p style=\"text-align: center;\">","protected":false},"excerpt":{"rendered":"<p>Learn an Instrument! We teach all of the instruments found in a concert band, which includes woodwinds instruments, brass instruments, and percussion instruments. Our students receive weekly one-on-one coaching and band classes, perform in several yearly concerts, and have the opportunity to participate in our summer music camp and performance tours. Join Colorado Youth Bands [&hellip;]<\/p>\n","protected":false},"author":14,"featured_media":0,"parent":18,"menu_order":0,"comment_status":"closed","ping_status":"closed","template":"","meta":{"_acf_changed":false,"footnotes":""},"class_list":["post-723","page","type-page","status-publish","hentry"],"acf":[],"yoast_head":"<!-- This site is optimized with the Yoast SEO plugin v27.6 - https:\/\/yoast.com\/product\/yoast-seo-wordpress\/ -->\n<title>Learn an Instrument at Colorado Youth Bands<\/title>\n<meta name=\"description\" content=\"Learn an instrument at Colorado Youth Bands! Beginning Band classes in the Denver area starting in September. We teach all concert band instruments.\" \/>\n<meta name=\"robots\" content=\"index, follow, max-snippet:-1, max-image-preview:large, max-video-preview:-1\" \/>\n<link rel=\"canonical\" href=\"https:\/\/coyouthbands.org\/es\/best-music-program\/learn-an-instrument\/\" \/>\n<meta property=\"og:locale\" content=\"es_ES\" \/>\n<meta property=\"og:type\" content=\"article\" \/>\n<meta property=\"og:title\" content=\"Learn an Instrument at Colorado Youth Bands\" \/>\n<meta property=\"og:description\" content=\"Learn an instrument at Colorado Youth Bands! Beginning Band classes in the Denver area starting in September. We teach all concert band instruments.\" \/>\n<meta property=\"og:url\" content=\"https:\/\/coyouthbands.org\/es\/best-music-program\/learn-an-instrument\/\" \/>\n<meta property=\"og:site_name\" content=\"Colorado Youth Bands\" \/>\n<meta property=\"article:publisher\" content=\"https:\/\/www.facebook.com\/Colorado-Honor-Band-Association-200100043367896\/\" \/>\n<meta property=\"article:modified_time\" content=\"2024-11-17T21:26:40+00:00\" \/>\n<meta property=\"og:image\" content=\"https:\/\/coyouthbands.org\/wp-content\/uploads\/logo-large-1.png\" \/>\n\t<meta property=\"og:image:width\" content=\"512\" \/>\n\t<meta property=\"og:image:height\" content=\"512\" \/>\n\t<meta property=\"og:image:type\" content=\"image\/png\" \/>\n<meta name=\"twitter:card\" content=\"summary_large_image\" \/>\n<meta name=\"twitter:site\" content=\"@cohonorband\" \/>\n<meta name=\"twitter:label1\" content=\"Tiempo de lectura\" \/>\n\t<meta name=\"twitter:data1\" content=\"1 minuto\" \/>\n<script type=\"application\/ld+json\" class=\"yoast-schema-graph\">{\"@context\":\"https:\\\/\\\/schema.org\",\"@graph\":[{\"@type\":\"WebPage\",\"@id\":\"https:\\\/\\\/coyouthbands.org\\\/best-music-program\\\/learn-an-instrument\\\/\",\"url\":\"https:\\\/\\\/coyouthbands.org\\\/best-music-program\\\/learn-an-instrument\\\/\",\"name\":\"Learn an Instrument at Colorado Youth Bands\",\"isPartOf\":{\"@id\":\"https:\\\/\\\/coyouthbands.org\\\/#website\"},\"primaryImageOfPage\":{\"@id\":\"https:\\\/\\\/coyouthbands.org\\\/best-music-program\\\/learn-an-instrument\\\/#primaryimage\"},\"image\":{\"@id\":\"https:\\\/\\\/coyouthbands.org\\\/best-music-program\\\/learn-an-instrument\\\/#primaryimage\"},\"thumbnailUrl\":\"https:\\\/\\\/coyouthbands.org\\\/wp-content\\\/uploads\\\/2013-Honor-Band-Spring-56-e1464229925354-414x450.jpg\",\"datePublished\":\"2016-04-06T00:01:45+00:00\",\"dateModified\":\"2024-11-17T21:26:40+00:00\",\"description\":\"Learn an instrument at Colorado Youth Bands! Beginning Band classes in the Denver area starting in September. We teach all concert band instruments.\",\"breadcrumb\":{\"@id\":\"https:\\\/\\\/coyouthbands.org\\\/best-music-program\\\/learn-an-instrument\\\/#breadcrumb\"},\"inLanguage\":\"es\",\"potentialAction\":[{\"@type\":\"ReadAction\",\"target\":[\"https:\\\/\\\/coyouthbands.org\\\/best-music-program\\\/learn-an-instrument\\\/\"]}]},{\"@type\":\"ImageObject\",\"inLanguage\":\"es\",\"@id\":\"https:\\\/\\\/coyouthbands.org\\\/best-music-program\\\/learn-an-instrument\\\/#primaryimage\",\"url\":\"https:\\\/\\\/coyouthbands.org\\\/wp-content\\\/uploads\\\/2013-Honor-Band-Spring-56-e1464229925354-414x450.jpg\",\"contentUrl\":\"https:\\\/\\\/coyouthbands.org\\\/wp-content\\\/uploads\\\/2013-Honor-Band-Spring-56-e1464229925354-414x450.jpg\"},{\"@type\":\"BreadcrumbList\",\"@id\":\"https:\\\/\\\/coyouthbands.org\\\/best-music-program\\\/learn-an-instrument\\\/#breadcrumb\",\"itemListElement\":[{\"@type\":\"ListItem\",\"position\":1,\"name\":\"Home\",\"item\":\"https:\\\/\\\/coyouthbands.org\\\/\"},{\"@type\":\"ListItem\",\"position\":2,\"name\":\"Member Information\",\"item\":\"https:\\\/\\\/coyouthbands.org\\\/best-music-program\\\/\"},{\"@type\":\"ListItem\",\"position\":3,\"name\":\"Instruments We Teach\"}]},{\"@type\":\"WebSite\",\"@id\":\"https:\\\/\\\/coyouthbands.org\\\/#website\",\"url\":\"https:\\\/\\\/coyouthbands.org\\\/\",\"name\":\"Colorado Youth Bands\",\"description\":\"After School Band in Denver\",\"publisher\":{\"@id\":\"https:\\\/\\\/coyouthbands.org\\\/#organization\"},\"potentialAction\":[{\"@type\":\"SearchAction\",\"target\":{\"@type\":\"EntryPoint\",\"urlTemplate\":\"https:\\\/\\\/coyouthbands.org\\\/?s={search_term_string}\"},\"query-input\":{\"@type\":\"PropertyValueSpecification\",\"valueRequired\":true,\"valueName\":\"search_term_string\"}}],\"inLanguage\":\"es\"},{\"@type\":\"Organization\",\"@id\":\"https:\\\/\\\/coyouthbands.org\\\/#organization\",\"name\":\"Colorado Honor Band\",\"url\":\"https:\\\/\\\/coyouthbands.org\\\/\",\"logo\":{\"@type\":\"ImageObject\",\"inLanguage\":\"es\",\"@id\":\"https:\\\/\\\/coyouthbands.org\\\/#\\\/schema\\\/logo\\\/image\\\/\",\"url\":\"https:\\\/\\\/coyouthbands.org\\\/wp-content\\\/uploads\\\/logo-large-1.png\",\"contentUrl\":\"https:\\\/\\\/coyouthbands.org\\\/wp-content\\\/uploads\\\/logo-large-1.png\",\"width\":512,\"height\":512,\"caption\":\"Colorado Honor Band\"},\"image\":{\"@id\":\"https:\\\/\\\/coyouthbands.org\\\/#\\\/schema\\\/logo\\\/image\\\/\"},\"sameAs\":[\"https:\\\/\\\/www.facebook.com\\\/Colorado-Honor-Band-Association-200100043367896\\\/\",\"https:\\\/\\\/x.com\\\/cohonorband\",\"https:\\\/\\\/www.instagram.com\\\/cohonorband\\\/\",\"https:\\\/\\\/www.linkedin.com\\\/company\\\/colorado-honor-band-association\"]}]}<\/script>\n<!-- \/ Yoast SEO plugin. -->","yoast_head_json":{"title":"Learn an Instrument at Colorado Youth Bands","description":"Learn an instrument at Colorado Youth Bands! Beginning Band classes in the Denver area starting in September. We teach all concert band instruments.","robots":{"index":"index","follow":"follow","max-snippet":"max-snippet:-1","max-image-preview":"max-image-preview:large","max-video-preview":"max-video-preview:-1"},"canonical":"https:\/\/coyouthbands.org\/es\/best-music-program\/learn-an-instrument\/","og_locale":"es_ES","og_type":"article","og_title":"Learn an Instrument at Colorado Youth Bands","og_description":"Learn an instrument at Colorado Youth Bands! Beginning Band classes in the Denver area starting in September. We teach all concert band instruments.","og_url":"https:\/\/coyouthbands.org\/es\/best-music-program\/learn-an-instrument\/","og_site_name":"Colorado Youth Bands","article_publisher":"https:\/\/www.facebook.com\/Colorado-Honor-Band-Association-200100043367896\/","article_modified_time":"2024-11-17T21:26:40+00:00","og_image":[{"width":512,"height":512,"url":"https:\/\/coyouthbands.org\/wp-content\/uploads\/logo-large-1.png","type":"image\/png"}],"twitter_card":"summary_large_image","twitter_site":"@cohonorband","twitter_misc":{"Tiempo de lectura":"1 minuto"},"schema":{"@context":"https:\/\/schema.org","@graph":[{"@type":"WebPage","@id":"https:\/\/coyouthbands.org\/best-music-program\/learn-an-instrument\/","url":"https:\/\/coyouthbands.org\/best-music-program\/learn-an-instrument\/","name":"Learn an Instrument at Colorado Youth Bands","isPartOf":{"@id":"https:\/\/coyouthbands.org\/#website"},"primaryImageOfPage":{"@id":"https:\/\/coyouthbands.org\/best-music-program\/learn-an-instrument\/#primaryimage"},"image":{"@id":"https:\/\/coyouthbands.org\/best-music-program\/learn-an-instrument\/#primaryimage"},"thumbnailUrl":"https:\/\/coyouthbands.org\/wp-content\/uploads\/2013-Honor-Band-Spring-56-e1464229925354-414x450.jpg","datePublished":"2016-04-06T00:01:45+00:00","dateModified":"2024-11-17T21:26:40+00:00","description":"Learn an instrument at Colorado Youth Bands! Beginning Band classes in the Denver area starting in September. We teach all concert band instruments.","breadcrumb":{"@id":"https:\/\/coyouthbands.org\/best-music-program\/learn-an-instrument\/#breadcrumb"},"inLanguage":"es","potentialAction":[{"@type":"ReadAction","target":["https:\/\/coyouthbands.org\/best-music-program\/learn-an-instrument\/"]}]},{"@type":"ImageObject","inLanguage":"es","@id":"https:\/\/coyouthbands.org\/best-music-program\/learn-an-instrument\/#primaryimage","url":"https:\/\/coyouthbands.org\/wp-content\/uploads\/2013-Honor-Band-Spring-56-e1464229925354-414x450.jpg","contentUrl":"https:\/\/coyouthbands.org\/wp-content\/uploads\/2013-Honor-Band-Spring-56-e1464229925354-414x450.jpg"},{"@type":"BreadcrumbList","@id":"https:\/\/coyouthbands.org\/best-music-program\/learn-an-instrument\/#breadcrumb","itemListElement":[{"@type":"ListItem","position":1,"name":"Home","item":"https:\/\/coyouthbands.org\/"},{"@type":"ListItem","position":2,"name":"Member Information","item":"https:\/\/coyouthbands.org\/best-music-program\/"},{"@type":"ListItem","position":3,"name":"Instruments We Teach"}]},{"@type":"WebSite","@id":"https:\/\/coyouthbands.org\/#website","url":"https:\/\/coyouthbands.org\/","name":"Bandas juveniles de Colorado","description":"Banda extraescolar en Denver","publisher":{"@id":"https:\/\/coyouthbands.org\/#organization"},"potentialAction":[{"@type":"SearchAction","target":{"@type":"EntryPoint","urlTemplate":"https:\/\/coyouthbands.org\/?s={search_term_string}"},"query-input":{"@type":"PropertyValueSpecification","valueRequired":true,"valueName":"search_term_string"}}],"inLanguage":"es"},{"@type":"Organization","@id":"https:\/\/coyouthbands.org\/#organization","name":"Banda de Honor de Colorado","url":"https:\/\/coyouthbands.org\/","logo":{"@type":"ImageObject","inLanguage":"es","@id":"https:\/\/coyouthbands.org\/#\/schema\/logo\/image\/","url":"https:\/\/coyouthbands.org\/wp-content\/uploads\/logo-large-1.png","contentUrl":"https:\/\/coyouthbands.org\/wp-content\/uploads\/logo-large-1.png","width":512,"height":512,"caption":"Colorado Honor Band"},"image":{"@id":"https:\/\/coyouthbands.org\/#\/schema\/logo\/image\/"},"sameAs":["https:\/\/www.facebook.com\/Colorado-Honor-Band-Association-200100043367896\/","https:\/\/x.com\/cohonorband","https:\/\/www.instagram.com\/cohonorband\/","https:\/\/www.linkedin.com\/company\/colorado-honor-band-association"]}]}},"_links":{"self":[{"href":"https:\/\/coyouthbands.org\/es\/wp-json\/wp\/v2\/pages\/723","targetHints":{"allow":["GET"]}}],"collection":[{"href":"https:\/\/coyouthbands.org\/es\/wp-json\/wp\/v2\/pages"}],"about":[{"href":"https:\/\/coyouthbands.org\/es\/wp-json\/wp\/v2\/types\/page"}],"author":[{"embeddable":true,"href":"https:\/\/coyouthbands.org\/es\/wp-json\/wp\/v2\/users\/14"}],"replies":[{"embeddable":true,"href":"https:\/\/coyouthbands.org\/es\/wp-json\/wp\/v2\/comments?post=723"}],"version-history":[{"count":8,"href":"https:\/\/coyouthbands.org\/es\/wp-json\/wp\/v2\/pages\/723\/revisions"}],"predecessor-version":[{"id":8310,"href":"https:\/\/coyouthbands.org\/es\/wp-json\/wp\/v2\/pages\/723\/revisions\/8310"}],"up":[{"embeddable":true,"href":"https:\/\/coyouthbands.org\/es\/wp-json\/wp\/v2\/pages\/18"}],"wp:attachment":[{"href":"https:\/\/coyouthbands.org\/es\/wp-json\/wp\/v2\/media?parent=723"}],"curies":[{"name":"wp","href":"https:\/\/api.w.org\/{rel}","templated":true}]}}