{"id":238,"date":"2016-03-18T21:55:12","date_gmt":"2016-03-19T03:55:12","guid":{"rendered":"https:\/\/coyouthbands.org\/draft\/?page_id=238"},"modified":"2024-11-17T14:15:45","modified_gmt":"2024-11-17T21:15:45","slug":"instrumental-music-kids","status":"publish","type":"page","link":"https:\/\/coyouthbands.org\/es\/non-profit-childrens-music-at-colorado-youth-bands\/instrumental-music-kids\/","title":{"rendered":"Fondo del Legado de Bill Thompson"},"content":{"rendered":"<h2>Convi\u00e9rtase en socio legatario<\/h2>\n<p><img loading=\"lazy\" decoding=\"async\" class=\"alignright size-medium wp-image-1249\" src=\"https:\/\/coyouthbands.org\/wp-content\/uploads\/2013-Honor-Band-Spring-209-450x300.jpg\" alt=\"2013, Honor Band, Spring (209)\" width=\"450\" height=\"300\" \/>Si le apasiona la misi\u00f3n y el programa de Colorado Youth Bands, por favor considere incluir a Colorado Youth Bands en su planificaci\u00f3n patrimonial.  Cuando usted se convierte en un socio legado, usted est\u00e1 prometiendo su compromiso de ayudar a asegurar que este maravilloso programa de m\u00fasica instrumental para los ni\u00f1os sigue siendo fuerte y vibrante para el beneficio de las generaciones venideras.<\/p>\n<h4>Fondo del Legado de Bill Thompson<\/h4>\n<p>El Bill Thompson Legacy Fund honra a individuos que est\u00e1n ayudando a construir un futuro fuerte para Colorado Youth Bands-y futuros fuertes para los ni\u00f1os que servimos. Usted puede recordar a Colorado Youth Bands en su planificaci\u00f3n patrimonial a trav\u00e9s de un testamento, donaci\u00f3n especial, anualidad de donaci\u00f3n caritativa, p\u00f3liza de seguro de vida, plan de jubilaci\u00f3n calificado, o donaci\u00f3n de acciones o bienes ra\u00edces.<\/p>\n<h4><img loading=\"lazy\" decoding=\"async\" class=\"alignleft wp-image-1390\" src=\"https:\/\/coyouthbands.org\/wp-content\/uploads\/WilburThompson_Headshot-1.jpg\" alt=\"WilburThompson_Headshot (1)\" width=\"150\" height=\"220\" \/>Bill Thompson, fundador de Colorado Youth Bands<\/h4>\n<p>Cuando Bill Thompson cre\u00f3 por primera vez el programa que se convirti\u00f3 en Colorado Youth Bands, so\u00f1aba con poner la banda al alcance de todos los estudiantes que tuvieran \"ganas e inter\u00e9s\" por la m\u00fasica.<\/p>\n<p>La primera trompeta de Bill era tan mala que ten\u00eda que volver a subir las llaves cada vez que las bajaba, as\u00ed que desde muy joven comprendi\u00f3 el precio de tocar un instrumento. Pero de adulto lleg\u00f3 a comprender la interminable recompensa personal que supone aprender un instrumento y tocar en una banda.<\/p>\n<h3>Su generosidad significa mucho<\/h3>\n<p>Muchas gracias. Su generosidad nos permitir\u00e1 seguir ofreciendo los programas que tanto le gustan a las futuras generaciones de ni\u00f1os. Nuestros alumnos obtienen beneficios que van mucho m\u00e1s all\u00e1 de aprender a leer m\u00fasica y tocar un instrumento. Desarrollan habilidades de trabajo en equipo y liderazgo, aprenden el valor de luchar por la excelencia y hacen amistades y crean recuerdos que duran toda la vida. Por encima de todo, el programa Colorado Youth Bands dota a los graduados de las habilidades que necesitan para triunfar como individuos y ciudadanos responsables.<\/p>\n<p><strong>Sea el aire bajo las alas de nuestros ni\u00f1os. Planifique su donaci\u00f3n hoy mismo.<\/strong><\/p>\n<h2>\u00bfHa hecho una donaci\u00f3n planificada?<\/h2>\n<p>H\u00e1ganos saber si ha incluido a la Asociaci\u00f3n de la Banda de Honor de Colorado en su planificaci\u00f3n patrimonial. Con su permiso, incluiremos su nombre en nuestros programas de conciertos para celebrar su donaci\u00f3n planificada.<\/p>\n<h3>S\u00ed, me he acordado de Colorado Youth Bands en mi planificaci\u00f3n patrimonial.<\/h3>","protected":false},"excerpt":{"rendered":"<p>Become a Legacy Partner If you are passionate about the Colorado Youth Bands mission and program, please consider including Colorado Youth Bands in your estate planning. \u00a0When you become a legacy partner, you are pledging your commitment to helping ensure that this wonderful instrumental music programming for kids remains strong and vibrant for the benefit [&hellip;]<\/p>\n","protected":false},"author":485,"featured_media":0,"parent":16,"menu_order":2,"comment_status":"closed","ping_status":"closed","template":"","meta":{"_acf_changed":false,"footnotes":""},"class_list":["post-238","page","type-page","status-publish","hentry"],"acf":[],"yoast_head":"<!-- This site is optimized with the Yoast SEO plugin v27.3 - https:\/\/yoast.com\/product\/yoast-seo-wordpress\/ -->\n<title>Support Instrumental Music for Kids at Colorado Honor Band<\/title>\n<meta name=\"description\" content=\"Donate to Colorado Youth Bands to support our instrumental music program for kids. Generous donations help us keep our classes accessible to all families.\" \/>\n<meta name=\"robots\" content=\"index, follow, max-snippet:-1, max-image-preview:large, max-video-preview:-1\" \/>\n<link rel=\"canonical\" href=\"https:\/\/coyouthbands.org\/es\/non-profit-childrens-music-at-colorado-youth-bands\/instrumental-music-kids\/\" \/>\n<meta property=\"og:locale\" content=\"es_ES\" \/>\n<meta property=\"og:type\" content=\"article\" \/>\n<meta property=\"og:title\" content=\"Support Instrumental Music for Kids at Colorado Honor Band\" \/>\n<meta property=\"og:description\" content=\"Donate to Colorado Youth Bands to support our instrumental music program for kids. Generous donations help us keep our classes accessible to all families.\" \/>\n<meta property=\"og:url\" content=\"https:\/\/coyouthbands.org\/es\/non-profit-childrens-music-at-colorado-youth-bands\/instrumental-music-kids\/\" \/>\n<meta property=\"og:site_name\" content=\"Colorado Youth Bands\" \/>\n<meta property=\"article:publisher\" content=\"https:\/\/www.facebook.com\/Colorado-Honor-Band-Association-200100043367896\/\" \/>\n<meta property=\"article:modified_time\" content=\"2024-11-17T21:15:45+00:00\" \/>\n<meta property=\"og:image\" content=\"https:\/\/coyouthbands.org\/wp-content\/uploads\/logo-large-1.png\" \/>\n\t<meta property=\"og:image:width\" content=\"512\" \/>\n\t<meta property=\"og:image:height\" content=\"512\" \/>\n\t<meta property=\"og:image:type\" content=\"image\/png\" \/>\n<meta name=\"twitter:card\" content=\"summary_large_image\" \/>\n<meta name=\"twitter:site\" content=\"@cohonorband\" \/>\n<meta name=\"twitter:label1\" content=\"Tiempo de lectura\" \/>\n\t<meta name=\"twitter:data1\" content=\"2 minutos\" \/>\n<script type=\"application\/ld+json\" class=\"yoast-schema-graph\">{\"@context\":\"https:\\\/\\\/schema.org\",\"@graph\":[{\"@type\":\"WebPage\",\"@id\":\"https:\\\/\\\/coyouthbands.org\\\/non-profit-childrens-music-at-colorado-youth-bands\\\/instrumental-music-kids\\\/\",\"url\":\"https:\\\/\\\/coyouthbands.org\\\/non-profit-childrens-music-at-colorado-youth-bands\\\/instrumental-music-kids\\\/\",\"name\":\"Support Instrumental Music for Kids at Colorado Honor Band\",\"isPartOf\":{\"@id\":\"https:\\\/\\\/coyouthbands.org\\\/#website\"},\"primaryImageOfPage\":{\"@id\":\"https:\\\/\\\/coyouthbands.org\\\/non-profit-childrens-music-at-colorado-youth-bands\\\/instrumental-music-kids\\\/#primaryimage\"},\"image\":{\"@id\":\"https:\\\/\\\/coyouthbands.org\\\/non-profit-childrens-music-at-colorado-youth-bands\\\/instrumental-music-kids\\\/#primaryimage\"},\"thumbnailUrl\":\"https:\\\/\\\/coyouthbands.org\\\/wp-content\\\/uploads\\\/2013-Honor-Band-Spring-209-450x300.jpg\",\"datePublished\":\"2016-03-19T03:55:12+00:00\",\"dateModified\":\"2024-11-17T21:15:45+00:00\",\"description\":\"Donate to Colorado Youth Bands to support our instrumental music program for kids. Generous donations help us keep our classes accessible to all families.\",\"breadcrumb\":{\"@id\":\"https:\\\/\\\/coyouthbands.org\\\/non-profit-childrens-music-at-colorado-youth-bands\\\/instrumental-music-kids\\\/#breadcrumb\"},\"inLanguage\":\"es\",\"potentialAction\":[{\"@type\":\"ReadAction\",\"target\":[\"https:\\\/\\\/coyouthbands.org\\\/non-profit-childrens-music-at-colorado-youth-bands\\\/instrumental-music-kids\\\/\"]}]},{\"@type\":\"ImageObject\",\"inLanguage\":\"es\",\"@id\":\"https:\\\/\\\/coyouthbands.org\\\/non-profit-childrens-music-at-colorado-youth-bands\\\/instrumental-music-kids\\\/#primaryimage\",\"url\":\"https:\\\/\\\/coyouthbands.org\\\/wp-content\\\/uploads\\\/2013-Honor-Band-Spring-209-450x300.jpg\",\"contentUrl\":\"https:\\\/\\\/coyouthbands.org\\\/wp-content\\\/uploads\\\/2013-Honor-Band-Spring-209-450x300.jpg\"},{\"@type\":\"BreadcrumbList\",\"@id\":\"https:\\\/\\\/coyouthbands.org\\\/non-profit-childrens-music-at-colorado-youth-bands\\\/instrumental-music-kids\\\/#breadcrumb\",\"itemListElement\":[{\"@type\":\"ListItem\",\"position\":1,\"name\":\"Home\",\"item\":\"https:\\\/\\\/coyouthbands.org\\\/\"},{\"@type\":\"ListItem\",\"position\":2,\"name\":\"Support Colorado Youth Bands\",\"item\":\"https:\\\/\\\/coyouthbands.org\\\/non-profit-childrens-music-at-colorado-youth-bands\\\/\"},{\"@type\":\"ListItem\",\"position\":3,\"name\":\"Bill Thompson Legacy Fund\"}]},{\"@type\":\"WebSite\",\"@id\":\"https:\\\/\\\/coyouthbands.org\\\/#website\",\"url\":\"https:\\\/\\\/coyouthbands.org\\\/\",\"name\":\"Colorado Youth Bands\",\"description\":\"After School Band in Denver\",\"publisher\":{\"@id\":\"https:\\\/\\\/coyouthbands.org\\\/#organization\"},\"potentialAction\":[{\"@type\":\"SearchAction\",\"target\":{\"@type\":\"EntryPoint\",\"urlTemplate\":\"https:\\\/\\\/coyouthbands.org\\\/?s={search_term_string}\"},\"query-input\":{\"@type\":\"PropertyValueSpecification\",\"valueRequired\":true,\"valueName\":\"search_term_string\"}}],\"inLanguage\":\"es\"},{\"@type\":\"Organization\",\"@id\":\"https:\\\/\\\/coyouthbands.org\\\/#organization\",\"name\":\"Colorado Honor Band\",\"url\":\"https:\\\/\\\/coyouthbands.org\\\/\",\"logo\":{\"@type\":\"ImageObject\",\"inLanguage\":\"es\",\"@id\":\"https:\\\/\\\/coyouthbands.org\\\/#\\\/schema\\\/logo\\\/image\\\/\",\"url\":\"https:\\\/\\\/coyouthbands.org\\\/wp-content\\\/uploads\\\/logo-large-1.png\",\"contentUrl\":\"https:\\\/\\\/coyouthbands.org\\\/wp-content\\\/uploads\\\/logo-large-1.png\",\"width\":512,\"height\":512,\"caption\":\"Colorado Honor Band\"},\"image\":{\"@id\":\"https:\\\/\\\/coyouthbands.org\\\/#\\\/schema\\\/logo\\\/image\\\/\"},\"sameAs\":[\"https:\\\/\\\/www.facebook.com\\\/Colorado-Honor-Band-Association-200100043367896\\\/\",\"https:\\\/\\\/x.com\\\/cohonorband\",\"https:\\\/\\\/www.instagram.com\\\/cohonorband\\\/\",\"https:\\\/\\\/www.linkedin.com\\\/company\\\/colorado-honor-band-association\"]}]}<\/script>\n<!-- \/ Yoast SEO plugin. -->","yoast_head_json":{"title":"Support Instrumental Music for Kids at Colorado Honor Band","description":"Donate to Colorado Youth Bands to support our instrumental music program for kids. Generous donations help us keep our classes accessible to all families.","robots":{"index":"index","follow":"follow","max-snippet":"max-snippet:-1","max-image-preview":"max-image-preview:large","max-video-preview":"max-video-preview:-1"},"canonical":"https:\/\/coyouthbands.org\/es\/non-profit-childrens-music-at-colorado-youth-bands\/instrumental-music-kids\/","og_locale":"es_ES","og_type":"article","og_title":"Support Instrumental Music for Kids at Colorado Honor Band","og_description":"Donate to Colorado Youth Bands to support our instrumental music program for kids. Generous donations help us keep our classes accessible to all families.","og_url":"https:\/\/coyouthbands.org\/es\/non-profit-childrens-music-at-colorado-youth-bands\/instrumental-music-kids\/","og_site_name":"Colorado Youth Bands","article_publisher":"https:\/\/www.facebook.com\/Colorado-Honor-Band-Association-200100043367896\/","article_modified_time":"2024-11-17T21:15:45+00:00","og_image":[{"width":512,"height":512,"url":"https:\/\/coyouthbands.org\/wp-content\/uploads\/logo-large-1.png","type":"image\/png"}],"twitter_card":"summary_large_image","twitter_site":"@cohonorband","twitter_misc":{"Tiempo de lectura":"2 minutos"},"schema":{"@context":"https:\/\/schema.org","@graph":[{"@type":"WebPage","@id":"https:\/\/coyouthbands.org\/non-profit-childrens-music-at-colorado-youth-bands\/instrumental-music-kids\/","url":"https:\/\/coyouthbands.org\/non-profit-childrens-music-at-colorado-youth-bands\/instrumental-music-kids\/","name":"Support Instrumental Music for Kids at Colorado Honor Band","isPartOf":{"@id":"https:\/\/coyouthbands.org\/#website"},"primaryImageOfPage":{"@id":"https:\/\/coyouthbands.org\/non-profit-childrens-music-at-colorado-youth-bands\/instrumental-music-kids\/#primaryimage"},"image":{"@id":"https:\/\/coyouthbands.org\/non-profit-childrens-music-at-colorado-youth-bands\/instrumental-music-kids\/#primaryimage"},"thumbnailUrl":"https:\/\/coyouthbands.org\/wp-content\/uploads\/2013-Honor-Band-Spring-209-450x300.jpg","datePublished":"2016-03-19T03:55:12+00:00","dateModified":"2024-11-17T21:15:45+00:00","description":"Donate to Colorado Youth Bands to support our instrumental music program for kids. Generous donations help us keep our classes accessible to all families.","breadcrumb":{"@id":"https:\/\/coyouthbands.org\/non-profit-childrens-music-at-colorado-youth-bands\/instrumental-music-kids\/#breadcrumb"},"inLanguage":"es","potentialAction":[{"@type":"ReadAction","target":["https:\/\/coyouthbands.org\/non-profit-childrens-music-at-colorado-youth-bands\/instrumental-music-kids\/"]}]},{"@type":"ImageObject","inLanguage":"es","@id":"https:\/\/coyouthbands.org\/non-profit-childrens-music-at-colorado-youth-bands\/instrumental-music-kids\/#primaryimage","url":"https:\/\/coyouthbands.org\/wp-content\/uploads\/2013-Honor-Band-Spring-209-450x300.jpg","contentUrl":"https:\/\/coyouthbands.org\/wp-content\/uploads\/2013-Honor-Band-Spring-209-450x300.jpg"},{"@type":"BreadcrumbList","@id":"https:\/\/coyouthbands.org\/non-profit-childrens-music-at-colorado-youth-bands\/instrumental-music-kids\/#breadcrumb","itemListElement":[{"@type":"ListItem","position":1,"name":"Home","item":"https:\/\/coyouthbands.org\/"},{"@type":"ListItem","position":2,"name":"Support Colorado Youth Bands","item":"https:\/\/coyouthbands.org\/non-profit-childrens-music-at-colorado-youth-bands\/"},{"@type":"ListItem","position":3,"name":"Bill Thompson Legacy Fund"}]},{"@type":"WebSite","@id":"https:\/\/coyouthbands.org\/#website","url":"https:\/\/coyouthbands.org\/","name":"Bandas juveniles de Colorado","description":"Banda extraescolar en Denver","publisher":{"@id":"https:\/\/coyouthbands.org\/#organization"},"potentialAction":[{"@type":"SearchAction","target":{"@type":"EntryPoint","urlTemplate":"https:\/\/coyouthbands.org\/?s={search_term_string}"},"query-input":{"@type":"PropertyValueSpecification","valueRequired":true,"valueName":"search_term_string"}}],"inLanguage":"es"},{"@type":"Organization","@id":"https:\/\/coyouthbands.org\/#organization","name":"Banda de Honor de Colorado","url":"https:\/\/coyouthbands.org\/","logo":{"@type":"ImageObject","inLanguage":"es","@id":"https:\/\/coyouthbands.org\/#\/schema\/logo\/image\/","url":"https:\/\/coyouthbands.org\/wp-content\/uploads\/logo-large-1.png","contentUrl":"https:\/\/coyouthbands.org\/wp-content\/uploads\/logo-large-1.png","width":512,"height":512,"caption":"Colorado Honor Band"},"image":{"@id":"https:\/\/coyouthbands.org\/#\/schema\/logo\/image\/"},"sameAs":["https:\/\/www.facebook.com\/Colorado-Honor-Band-Association-200100043367896\/","https:\/\/x.com\/cohonorband","https:\/\/www.instagram.com\/cohonorband\/","https:\/\/www.linkedin.com\/company\/colorado-honor-band-association"]}]}},"_links":{"self":[{"href":"https:\/\/coyouthbands.org\/es\/wp-json\/wp\/v2\/pages\/238","targetHints":{"allow":["GET"]}}],"collection":[{"href":"https:\/\/coyouthbands.org\/es\/wp-json\/wp\/v2\/pages"}],"about":[{"href":"https:\/\/coyouthbands.org\/es\/wp-json\/wp\/v2\/types\/page"}],"author":[{"embeddable":true,"href":"https:\/\/coyouthbands.org\/es\/wp-json\/wp\/v2\/users\/485"}],"replies":[{"embeddable":true,"href":"https:\/\/coyouthbands.org\/es\/wp-json\/wp\/v2\/comments?post=238"}],"version-history":[{"count":3,"href":"https:\/\/coyouthbands.org\/es\/wp-json\/wp\/v2\/pages\/238\/revisions"}],"predecessor-version":[{"id":8303,"href":"https:\/\/coyouthbands.org\/es\/wp-json\/wp\/v2\/pages\/238\/revisions\/8303"}],"up":[{"embeddable":true,"href":"https:\/\/coyouthbands.org\/es\/wp-json\/wp\/v2\/pages\/16"}],"wp:attachment":[{"href":"https:\/\/coyouthbands.org\/es\/wp-json\/wp\/v2\/media?parent=238"}],"curies":[{"name":"wp","href":"https:\/\/api.w.org\/{rel}","templated":true}]}}