{"id":20,"date":"2016-03-02T12:14:48","date_gmt":"2016-03-02T19:14:48","guid":{"rendered":"https:\/\/coyouthbands.org\/draft\/?page_id=20"},"modified":"2025-01-15T14:29:57","modified_gmt":"2025-01-15T21:29:57","slug":"beginning-band-in-denver","status":"publish","type":"page","link":"https:\/\/coyouthbands.org\/es\/programs\/beginning-band-in-denver\/","title":{"rendered":"\u00danete ahora"},"content":{"rendered":"<h4>Vaya al men\u00fa de inscripci\u00f3n y elija su ubicaci\u00f3n, o bien <a href=\"https:\/\/coyouthbands.org\/es\/member-registration-2\/\">pulse aqu\u00ed<\/a><\/h4>","protected":false},"excerpt":{"rendered":"<p>Go to the Registration Menu and pick your location, or click here<\/p>","protected":false},"author":11,"featured_media":3936,"parent":10,"menu_order":1,"comment_status":"closed","ping_status":"closed","template":"","meta":{"_acf_changed":false,"footnotes":""},"class_list":["post-20","page","type-page","status-publish","has-post-thumbnail","hentry"],"acf":[],"yoast_head":"<!-- This site is optimized with the Yoast SEO plugin v27.3 - https:\/\/yoast.com\/product\/yoast-seo-wordpress\/ -->\n<title>Beginning Band in Denver with Colorado Youth Bands<\/title>\n<meta name=\"description\" content=\"Register for Beginning Band in Denver, Littleton, or Centennial! Classes for students with no previous experience start in September.\" \/>\n<meta name=\"robots\" content=\"index, follow, max-snippet:-1, max-image-preview:large, max-video-preview:-1\" \/>\n<link rel=\"canonical\" href=\"https:\/\/coyouthbands.org\/es\/programs\/beginning-band-in-denver\/\" \/>\n<meta property=\"og:locale\" content=\"es_ES\" \/>\n<meta property=\"og:type\" content=\"article\" \/>\n<meta property=\"og:title\" content=\"Beginning Band in Denver with Colorado Youth Bands\" \/>\n<meta property=\"og:description\" content=\"Register for Beginning Band in Denver, Littleton, or Centennial! Classes for students with no previous experience start in September.\" \/>\n<meta property=\"og:url\" content=\"https:\/\/coyouthbands.org\/es\/programs\/beginning-band-in-denver\/\" \/>\n<meta property=\"og:site_name\" content=\"Colorado Youth Bands\" \/>\n<meta property=\"article:publisher\" content=\"https:\/\/www.facebook.com\/Colorado-Honor-Band-Association-200100043367896\/\" \/>\n<meta property=\"article:modified_time\" content=\"2025-01-15T21:29:57+00:00\" \/>\n<meta property=\"og:image\" content=\"https:\/\/coyouthbands.org\/wp-content\/uploads\/A50097BC-0B55-4BB3-909F-88F83D3202A6.jpeg\" \/>\n\t<meta property=\"og:image:width\" content=\"2304\" \/>\n\t<meta property=\"og:image:height\" content=\"1536\" \/>\n\t<meta property=\"og:image:type\" content=\"image\/jpeg\" \/>\n<meta name=\"twitter:card\" content=\"summary_large_image\" \/>\n<meta name=\"twitter:site\" content=\"@cohonorband\" \/>\n<meta name=\"twitter:label1\" content=\"Tiempo de lectura\" \/>\n\t<meta name=\"twitter:data1\" content=\"1 minuto\" \/>\n<script type=\"application\/ld+json\" class=\"yoast-schema-graph\">{\"@context\":\"https:\\\/\\\/schema.org\",\"@graph\":[{\"@type\":\"WebPage\",\"@id\":\"https:\\\/\\\/coyouthbands.org\\\/programs\\\/beginning-band-in-denver\\\/\",\"url\":\"https:\\\/\\\/coyouthbands.org\\\/programs\\\/beginning-band-in-denver\\\/\",\"name\":\"Beginning Band in Denver with Colorado Youth Bands\",\"isPartOf\":{\"@id\":\"https:\\\/\\\/coyouthbands.org\\\/#website\"},\"primaryImageOfPage\":{\"@id\":\"https:\\\/\\\/coyouthbands.org\\\/programs\\\/beginning-band-in-denver\\\/#primaryimage\"},\"image\":{\"@id\":\"https:\\\/\\\/coyouthbands.org\\\/programs\\\/beginning-band-in-denver\\\/#primaryimage\"},\"thumbnailUrl\":\"https:\\\/\\\/coyouthbands.org\\\/wp-content\\\/uploads\\\/A50097BC-0B55-4BB3-909F-88F83D3202A6.jpeg\",\"datePublished\":\"2016-03-02T19:14:48+00:00\",\"dateModified\":\"2025-01-15T21:29:57+00:00\",\"description\":\"Register for Beginning Band in Denver, Littleton, or Centennial! Classes for students with no previous experience start in September.\",\"breadcrumb\":{\"@id\":\"https:\\\/\\\/coyouthbands.org\\\/programs\\\/beginning-band-in-denver\\\/#breadcrumb\"},\"inLanguage\":\"es\",\"potentialAction\":[{\"@type\":\"ReadAction\",\"target\":[\"https:\\\/\\\/coyouthbands.org\\\/programs\\\/beginning-band-in-denver\\\/\"]}]},{\"@type\":\"ImageObject\",\"inLanguage\":\"es\",\"@id\":\"https:\\\/\\\/coyouthbands.org\\\/programs\\\/beginning-band-in-denver\\\/#primaryimage\",\"url\":\"https:\\\/\\\/coyouthbands.org\\\/wp-content\\\/uploads\\\/A50097BC-0B55-4BB3-909F-88F83D3202A6.jpeg\",\"contentUrl\":\"https:\\\/\\\/coyouthbands.org\\\/wp-content\\\/uploads\\\/A50097BC-0B55-4BB3-909F-88F83D3202A6.jpeg\",\"width\":2304,\"height\":1536},{\"@type\":\"BreadcrumbList\",\"@id\":\"https:\\\/\\\/coyouthbands.org\\\/programs\\\/beginning-band-in-denver\\\/#breadcrumb\",\"itemListElement\":[{\"@type\":\"ListItem\",\"position\":1,\"name\":\"Home\",\"item\":\"https:\\\/\\\/coyouthbands.org\\\/\"},{\"@type\":\"ListItem\",\"position\":2,\"name\":\"Programs\",\"item\":\"https:\\\/\\\/cohonorband.org\\\/programs\\\/\"},{\"@type\":\"ListItem\",\"position\":3,\"name\":\"Join Now\"}]},{\"@type\":\"WebSite\",\"@id\":\"https:\\\/\\\/coyouthbands.org\\\/#website\",\"url\":\"https:\\\/\\\/coyouthbands.org\\\/\",\"name\":\"Colorado Youth Bands\",\"description\":\"After School Band in Denver\",\"publisher\":{\"@id\":\"https:\\\/\\\/coyouthbands.org\\\/#organization\"},\"potentialAction\":[{\"@type\":\"SearchAction\",\"target\":{\"@type\":\"EntryPoint\",\"urlTemplate\":\"https:\\\/\\\/coyouthbands.org\\\/?s={search_term_string}\"},\"query-input\":{\"@type\":\"PropertyValueSpecification\",\"valueRequired\":true,\"valueName\":\"search_term_string\"}}],\"inLanguage\":\"es\"},{\"@type\":\"Organization\",\"@id\":\"https:\\\/\\\/coyouthbands.org\\\/#organization\",\"name\":\"Colorado Honor Band\",\"url\":\"https:\\\/\\\/coyouthbands.org\\\/\",\"logo\":{\"@type\":\"ImageObject\",\"inLanguage\":\"es\",\"@id\":\"https:\\\/\\\/coyouthbands.org\\\/#\\\/schema\\\/logo\\\/image\\\/\",\"url\":\"https:\\\/\\\/coyouthbands.org\\\/wp-content\\\/uploads\\\/logo-large-1.png\",\"contentUrl\":\"https:\\\/\\\/coyouthbands.org\\\/wp-content\\\/uploads\\\/logo-large-1.png\",\"width\":512,\"height\":512,\"caption\":\"Colorado Honor Band\"},\"image\":{\"@id\":\"https:\\\/\\\/coyouthbands.org\\\/#\\\/schema\\\/logo\\\/image\\\/\"},\"sameAs\":[\"https:\\\/\\\/www.facebook.com\\\/Colorado-Honor-Band-Association-200100043367896\\\/\",\"https:\\\/\\\/x.com\\\/cohonorband\",\"https:\\\/\\\/www.instagram.com\\\/cohonorband\\\/\",\"https:\\\/\\\/www.linkedin.com\\\/company\\\/colorado-honor-band-association\"]}]}<\/script>\n<!-- \/ Yoast SEO plugin. -->","yoast_head_json":{"title":"Beginning Band in Denver with Colorado Youth Bands","description":"Register for Beginning Band in Denver, Littleton, or Centennial! Classes for students with no previous experience start in September.","robots":{"index":"index","follow":"follow","max-snippet":"max-snippet:-1","max-image-preview":"max-image-preview:large","max-video-preview":"max-video-preview:-1"},"canonical":"https:\/\/coyouthbands.org\/es\/programs\/beginning-band-in-denver\/","og_locale":"es_ES","og_type":"article","og_title":"Beginning Band in Denver with Colorado Youth Bands","og_description":"Register for Beginning Band in Denver, Littleton, or Centennial! Classes for students with no previous experience start in September.","og_url":"https:\/\/coyouthbands.org\/es\/programs\/beginning-band-in-denver\/","og_site_name":"Colorado Youth Bands","article_publisher":"https:\/\/www.facebook.com\/Colorado-Honor-Band-Association-200100043367896\/","article_modified_time":"2025-01-15T21:29:57+00:00","og_image":[{"width":2304,"height":1536,"url":"https:\/\/coyouthbands.org\/wp-content\/uploads\/A50097BC-0B55-4BB3-909F-88F83D3202A6.jpeg","type":"image\/jpeg"}],"twitter_card":"summary_large_image","twitter_site":"@cohonorband","twitter_misc":{"Tiempo de lectura":"1 minuto"},"schema":{"@context":"https:\/\/schema.org","@graph":[{"@type":"WebPage","@id":"https:\/\/coyouthbands.org\/programs\/beginning-band-in-denver\/","url":"https:\/\/coyouthbands.org\/programs\/beginning-band-in-denver\/","name":"Beginning Band in Denver with Colorado Youth Bands","isPartOf":{"@id":"https:\/\/coyouthbands.org\/#website"},"primaryImageOfPage":{"@id":"https:\/\/coyouthbands.org\/programs\/beginning-band-in-denver\/#primaryimage"},"image":{"@id":"https:\/\/coyouthbands.org\/programs\/beginning-band-in-denver\/#primaryimage"},"thumbnailUrl":"https:\/\/coyouthbands.org\/wp-content\/uploads\/A50097BC-0B55-4BB3-909F-88F83D3202A6.jpeg","datePublished":"2016-03-02T19:14:48+00:00","dateModified":"2025-01-15T21:29:57+00:00","description":"Register for Beginning Band in Denver, Littleton, or Centennial! Classes for students with no previous experience start in September.","breadcrumb":{"@id":"https:\/\/coyouthbands.org\/programs\/beginning-band-in-denver\/#breadcrumb"},"inLanguage":"es","potentialAction":[{"@type":"ReadAction","target":["https:\/\/coyouthbands.org\/programs\/beginning-band-in-denver\/"]}]},{"@type":"ImageObject","inLanguage":"es","@id":"https:\/\/coyouthbands.org\/programs\/beginning-band-in-denver\/#primaryimage","url":"https:\/\/coyouthbands.org\/wp-content\/uploads\/A50097BC-0B55-4BB3-909F-88F83D3202A6.jpeg","contentUrl":"https:\/\/coyouthbands.org\/wp-content\/uploads\/A50097BC-0B55-4BB3-909F-88F83D3202A6.jpeg","width":2304,"height":1536},{"@type":"BreadcrumbList","@id":"https:\/\/coyouthbands.org\/programs\/beginning-band-in-denver\/#breadcrumb","itemListElement":[{"@type":"ListItem","position":1,"name":"Home","item":"https:\/\/coyouthbands.org\/"},{"@type":"ListItem","position":2,"name":"Programs","item":"https:\/\/cohonorband.org\/programs\/"},{"@type":"ListItem","position":3,"name":"Join Now"}]},{"@type":"WebSite","@id":"https:\/\/coyouthbands.org\/#website","url":"https:\/\/coyouthbands.org\/","name":"Bandas juveniles de Colorado","description":"Banda extraescolar en Denver","publisher":{"@id":"https:\/\/coyouthbands.org\/#organization"},"potentialAction":[{"@type":"SearchAction","target":{"@type":"EntryPoint","urlTemplate":"https:\/\/coyouthbands.org\/?s={search_term_string}"},"query-input":{"@type":"PropertyValueSpecification","valueRequired":true,"valueName":"search_term_string"}}],"inLanguage":"es"},{"@type":"Organization","@id":"https:\/\/coyouthbands.org\/#organization","name":"Banda de Honor de Colorado","url":"https:\/\/coyouthbands.org\/","logo":{"@type":"ImageObject","inLanguage":"es","@id":"https:\/\/coyouthbands.org\/#\/schema\/logo\/image\/","url":"https:\/\/coyouthbands.org\/wp-content\/uploads\/logo-large-1.png","contentUrl":"https:\/\/coyouthbands.org\/wp-content\/uploads\/logo-large-1.png","width":512,"height":512,"caption":"Colorado Honor Band"},"image":{"@id":"https:\/\/coyouthbands.org\/#\/schema\/logo\/image\/"},"sameAs":["https:\/\/www.facebook.com\/Colorado-Honor-Band-Association-200100043367896\/","https:\/\/x.com\/cohonorband","https:\/\/www.instagram.com\/cohonorband\/","https:\/\/www.linkedin.com\/company\/colorado-honor-band-association"]}]}},"_links":{"self":[{"href":"https:\/\/coyouthbands.org\/es\/wp-json\/wp\/v2\/pages\/20","targetHints":{"allow":["GET"]}}],"collection":[{"href":"https:\/\/coyouthbands.org\/es\/wp-json\/wp\/v2\/pages"}],"about":[{"href":"https:\/\/coyouthbands.org\/es\/wp-json\/wp\/v2\/types\/page"}],"author":[{"embeddable":true,"href":"https:\/\/coyouthbands.org\/es\/wp-json\/wp\/v2\/users\/11"}],"replies":[{"embeddable":true,"href":"https:\/\/coyouthbands.org\/es\/wp-json\/wp\/v2\/comments?post=20"}],"version-history":[{"count":11,"href":"https:\/\/coyouthbands.org\/es\/wp-json\/wp\/v2\/pages\/20\/revisions"}],"predecessor-version":[{"id":5261,"href":"https:\/\/coyouthbands.org\/es\/wp-json\/wp\/v2\/pages\/20\/revisions\/5261"}],"up":[{"embeddable":true,"href":"https:\/\/coyouthbands.org\/es\/wp-json\/wp\/v2\/pages\/10"}],"wp:featuredmedia":[{"embeddable":true,"href":"https:\/\/coyouthbands.org\/es\/wp-json\/wp\/v2\/media\/3936"}],"wp:attachment":[{"href":"https:\/\/coyouthbands.org\/es\/wp-json\/wp\/v2\/media?parent=20"}],"curies":[{"name":"wp","href":"https:\/\/api.w.org\/{rel}","templated":true}]}}